{"id":24,"date":"2016-10-29T20:33:47","date_gmt":"2016-10-29T18:33:47","guid":{"rendered":"https:\/\/jet0jlh.de\/?page_id=24"},"modified":"2023-12-25T09:29:30","modified_gmt":"2023-12-25T08:29:30","slug":"wilkommen-auf-jet0jlh-de","status":"publish","type":"page","link":"https:\/\/jet0jlh.de\/","title":{"rendered":"Wilkommen auf Jet0JLH.de"},"content":{"rendered":"<h2>Herzlich willkommen auf meiner Homepage.<\/h2>\n<h3>Kurz zu meiner Person<\/h3>\n<p>Mein Nickname ist Jet0JLH. Ich bin ein kleiner Bastler und Visual Basic Entwickler, der viel Freude am Programmieren hat. Schreibe aber auch in alle m\u00f6glichen anderen Sprachen wie z.B. Python und Java. Ich w\u00fcrde meine Arbeiten aber keineswegs als professionell bezeichnen, da ich zwar gelernter Fachinformatiker bin, aber mich f\u00fcr die Fachrichtung Systemintegration entschieden habe. Desweiteren entwickle ich nur Programme die ich entweder selber nutze oder als f\u00fcr mich Interessant einstufe. Auch habe ich seit einigen Jahren einen Youtube Kanal auf dem ich (leider unregelm\u00e4\u00dfig) Tutorial Videos zu allen m\u00f6glichen Technikthemen bringe.<\/p>\n<h3>Bisherige Projekte<\/h3>\n<p>Ich habe schon so einiges entwickelt, aber meistens enden meine Projekte darin, dass ich selber zu unzufrieden mit meiner Software bin, sodas ich es alles \u00fcber den Haufen werfe und entweder von Anfang an beginne, oder das Projekt komplett einstampfe.<br \/>Um das zu verhindern werde ich meine Programme zuk\u00fcnftig hier vorstellen und auf Github ver\u00f6ffentlichen. Vielleicht hat der eine oder andere daf\u00fcr Verwendung.<\/p>\n<h3>Jet0JLH.de<\/h3>\n<p>Die Homepage ist zus\u00e4tzlich daf\u00fcr gedacht, dass ich technische Probleme die mir im Laufe meines Altags begegnen festzuhalten und diese mit deren Probleml\u00f6sung zu posten. (Naja oder eher bisher nicht so \ud83d\ude05)<\/p>\n<p>Du m\u00f6chtest mich weiter verfolgen oder mit mir in Kontakt treten? Dann schau gerne immer wieder mal auf dieser Seite vorbei. Oder noch besser: Schau doch lieber auf YouTube vorbei. Ich w\u00fcrde mich sehr freuen und helfe gerne soweit es mir m\u00f6glich ist \ud83d\ude0a<\/p>\n<h3>Unterst\u00fctzung?<\/h3>\n<p>Ich selber freu mich extrem, wenn ich einfach nur helfen kann. Die R\u00fcckmeldungen sind dann meist Anerkennung genug f\u00fcr mich \ud83d\ude0a<br \/>Wer es trotzdem nicht gut lassen m\u00f6chte und gerade einen Server, Domain, Webauftritt besorgen will, dem kann ich <a href=\"https:\/\/www.netcup.de\/?ref=49899\">https:\/\/netcup.de<\/a> empfehlen.<br \/>Ich selber bin seit einigen Jahren bei Netcup (Mit diesem Server und meinen Dom\u00e4nen) und mag die Firma aus der Preis-Leistungs-Sicht und wegen ihrer Firmenpolitik sehr.<br \/>Zus\u00e4tzlich soll es wohl so sein, dass wenn jemand \u00fcber Jet0JLH.de zu Netcup gef\u00fchrt wird und als Neukunde etwas kauft, ich dadurch profitieren soll. (Ich hab aber keine Ahnung ob das \u00fcberhaupt klappt \ud83d\ude05)<br \/>Aber selbst wenn ihr keine Neukunden seid und ich nichts davon habe. Ich kann euch Netcup trotzdem w\u00e4rmstens empfehlen.<\/p>\n\n\n<p><\/p>\n","protected":false},"excerpt":{"rendered":"<p>Herzlich willkommen auf meiner Homepage. Kurz zu meiner Person Mein Nickname ist Jet0JLH. Ich bin ein kleiner Bastler und Visual Basic Entwickler, der viel Freude am Programmieren hat. Schreibe aber auch in alle m\u00f6glichen anderen Sprachen wie z.B. Python und Java. Ich w\u00fcrde meine Arbeiten aber keineswegs als professionell bezeichnen,&#8230; <a href=\"https:\/\/jet0jlh.de\/\">Read more &raquo;<\/a><\/p>\n","protected":false},"author":1,"featured_media":0,"parent":0,"menu_order":0,"comment_status":"closed","ping_status":"closed","template":"","meta":{"footnotes":""},"class_list":["post-24","page","type-page","status-publish","hentry"],"_links":{"self":[{"href":"https:\/\/jet0jlh.de\/index.php?rest_route=\/wp\/v2\/pages\/24","targetHints":{"allow":["GET"]}}],"collection":[{"href":"https:\/\/jet0jlh.de\/index.php?rest_route=\/wp\/v2\/pages"}],"about":[{"href":"https:\/\/jet0jlh.de\/index.php?rest_route=\/wp\/v2\/types\/page"}],"author":[{"embeddable":true,"href":"https:\/\/jet0jlh.de\/index.php?rest_route=\/wp\/v2\/users\/1"}],"replies":[{"embeddable":true,"href":"https:\/\/jet0jlh.de\/index.php?rest_route=%2Fwp%2Fv2%2Fcomments&post=24"}],"version-history":[{"count":10,"href":"https:\/\/jet0jlh.de\/index.php?rest_route=\/wp\/v2\/pages\/24\/revisions"}],"predecessor-version":[{"id":500,"href":"https:\/\/jet0jlh.de\/index.php?rest_route=\/wp\/v2\/pages\/24\/revisions\/500"}],"wp:attachment":[{"href":"https:\/\/jet0jlh.de\/index.php?rest_route=%2Fwp%2Fv2%2Fmedia&parent=24"}],"curies":[{"name":"wp","href":"https:\/\/api.w.org\/{rel}","templated":true}]}}